{"id":3,"date":"2025-03-27T09:35:20","date_gmt":"2025-03-27T12:35:20","guid":{"rendered":"https:\/\/devpedroaugusto.com.br\/?page_id=3"},"modified":"2025-04-26T18:41:07","modified_gmt":"2025-04-26T21:41:07","slug":"politica-de-privacidade","status":"publish","type":"page","link":"https:\/\/devpedroaugusto.com.br\/?page_id=3","title":{"rendered":"Pol\u00edtica de privacidade"},"content":{"rendered":"\t\t<div data-elementor-type=\"wp-page\" data-elementor-id=\"3\" class=\"elementor elementor-3\">\n\t\t\t\t<div class=\"elementor-element elementor-element-a17ef22 elementor-hidden-tablet e-flex e-con-boxed e-con e-parent\" data-id=\"a17ef22\" data-element_type=\"container\" data-e-type=\"container\" data-settings=\"{&quot;background_background&quot;:&quot;gradient&quot;,&quot;position&quot;:&quot;fixed&quot;}\">\n\t\t\t\t\t<div class=\"e-con-inner\">\n\t\t\t\t<div class=\"elementor-element elementor-element-56e7189 elementor-absolute elementor-widget elementor-widget-site-logo\" data-id=\"56e7189\" data-element_type=\"widget\" data-e-type=\"widget\" data-settings=\"{&quot;align&quot;:&quot;left&quot;,&quot;width&quot;:{&quot;unit&quot;:&quot;%&quot;,&quot;size&quot;:80,&quot;sizes&quot;:[]},&quot;space&quot;:{&quot;unit&quot;:&quot;%&quot;,&quot;size&quot;:100,&quot;sizes&quot;:[]},&quot;_position&quot;:&quot;absolute&quot;,&quot;width_mobile&quot;:{&quot;unit&quot;:&quot;%&quot;,&quot;size&quot;:80,&quot;sizes&quot;:[]},&quot;width_tablet&quot;:{&quot;unit&quot;:&quot;%&quot;,&quot;size&quot;:&quot;&quot;,&quot;sizes&quot;:[]},&quot;space_tablet&quot;:{&quot;unit&quot;:&quot;%&quot;,&quot;size&quot;:&quot;&quot;,&quot;sizes&quot;:[]},&quot;space_mobile&quot;:{&quot;unit&quot;:&quot;%&quot;,&quot;size&quot;:&quot;&quot;,&quot;sizes&quot;:[]},&quot;image_border_radius&quot;:{&quot;unit&quot;:&quot;px&quot;,&quot;top&quot;:&quot;&quot;,&quot;right&quot;:&quot;&quot;,&quot;bottom&quot;:&quot;&quot;,&quot;left&quot;:&quot;&quot;,&quot;isLinked&quot;:true},&quot;image_border_radius_tablet&quot;:{&quot;unit&quot;:&quot;px&quot;,&quot;top&quot;:&quot;&quot;,&quot;right&quot;:&quot;&quot;,&quot;bottom&quot;:&quot;&quot;,&quot;left&quot;:&quot;&quot;,&quot;isLinked&quot;:true},&quot;image_border_radius_mobile&quot;:{&quot;unit&quot;:&quot;px&quot;,&quot;top&quot;:&quot;&quot;,&quot;right&quot;:&quot;&quot;,&quot;bottom&quot;:&quot;&quot;,&quot;left&quot;:&quot;&quot;,&quot;isLinked&quot;:true},&quot;caption_padding&quot;:{&quot;unit&quot;:&quot;px&quot;,&quot;top&quot;:&quot;&quot;,&quot;right&quot;:&quot;&quot;,&quot;bottom&quot;:&quot;&quot;,&quot;left&quot;:&quot;&quot;,&quot;isLinked&quot;:true},&quot;caption_padding_tablet&quot;:{&quot;unit&quot;:&quot;px&quot;,&quot;top&quot;:&quot;&quot;,&quot;right&quot;:&quot;&quot;,&quot;bottom&quot;:&quot;&quot;,&quot;left&quot;:&quot;&quot;,&quot;isLinked&quot;:true},&quot;caption_padding_mobile&quot;:{&quot;unit&quot;:&quot;px&quot;,&quot;top&quot;:&quot;&quot;,&quot;right&quot;:&quot;&quot;,&quot;bottom&quot;:&quot;&quot;,&quot;left&quot;:&quot;&quot;,&quot;isLinked&quot;:true},&quot;caption_space&quot;:{&quot;unit&quot;:&quot;px&quot;,&quot;size&quot;:0,&quot;sizes&quot;:[]},&quot;caption_space_tablet&quot;:{&quot;unit&quot;:&quot;px&quot;,&quot;size&quot;:&quot;&quot;,&quot;sizes&quot;:[]},&quot;caption_space_mobile&quot;:{&quot;unit&quot;:&quot;px&quot;,&quot;size&quot;:&quot;&quot;,&quot;sizes&quot;:[]}}\" data-widget_type=\"site-logo.default\">\n\t\t\t\t<div class=\"elementor-widget-container\">\n\t\t\t\t\t\t\t<div class=\"hfe-site-logo\">\n\t\t\t\t\t\t\t\t\t\t\t\t\t<a data-elementor-open-lightbox=\"\"  class='elementor-clickable' href=\"https:\/\/devpedroaugusto.com.br\">\n\t\t\t\t\t\t\t<div class=\"hfe-site-logo-set\">           \n\t\t\t\t<div class=\"hfe-site-logo-container\">\n\t\t\t\t\t\t\t\t\t<img decoding=\"async\" class=\"hfe-site-logo-img elementor-animation-\"  src=\"https:\/\/devpedroaugusto.com.br\/wp-content\/uploads\/2025\/04\/Logo-Negativo-Vertical-150x150.png\" alt=\"Logo Negativo Vertical\"\/>\n\t\t\t\t<\/div>\n\t\t\t<\/div>\n\t\t\t\t\t\t\t<\/a>\n\t\t\t\t\t\t<\/div>  \n\t\t\t\t\t\t\t<\/div>\n\t\t\t\t<\/div>\n\t\t\t\t<div class=\"elementor-element elementor-element-10081e5 hfe-nav-menu__align-center elementor-absolute hfe-submenu-icon-arrow hfe-submenu-animation-none hfe-link-redirect-child hfe-nav-menu__breakpoint-tablet elementor-widget elementor-widget-navigation-menu\" data-id=\"10081e5\" data-element_type=\"widget\" data-e-type=\"widget\" data-settings=\"{&quot;padding_horizontal_menu_item&quot;:{&quot;unit&quot;:&quot;px&quot;,&quot;size&quot;:40,&quot;sizes&quot;:[]},&quot;padding_vertical_menu_item&quot;:{&quot;unit&quot;:&quot;px&quot;,&quot;size&quot;:5,&quot;sizes&quot;:[]},&quot;menu_space_between&quot;:{&quot;unit&quot;:&quot;px&quot;,&quot;size&quot;:0,&quot;sizes&quot;:[]},&quot;menu_row_space&quot;:{&quot;unit&quot;:&quot;px&quot;,&quot;size&quot;:0,&quot;sizes&quot;:[]},&quot;dropdown_border_radius&quot;:{&quot;unit&quot;:&quot;px&quot;,&quot;top&quot;:&quot;0&quot;,&quot;right&quot;:&quot;0&quot;,&quot;bottom&quot;:&quot;0&quot;,&quot;left&quot;:&quot;0&quot;,&quot;isLinked&quot;:true},&quot;width_dropdown_item&quot;:{&quot;unit&quot;:&quot;px&quot;,&quot;size&quot;:0,&quot;sizes&quot;:[]},&quot;padding_horizontal_dropdown_item&quot;:{&quot;unit&quot;:&quot;px&quot;,&quot;size&quot;:0,&quot;sizes&quot;:[]},&quot;padding_vertical_dropdown_item&quot;:{&quot;unit&quot;:&quot;px&quot;,&quot;size&quot;:0,&quot;sizes&quot;:[]},&quot;distance_from_menu&quot;:{&quot;unit&quot;:&quot;px&quot;,&quot;size&quot;:-100,&quot;sizes&quot;:[]},&quot;toggle_size&quot;:{&quot;unit&quot;:&quot;px&quot;,&quot;size&quot;:15,&quot;sizes&quot;:[]},&quot;padding_horizontal_menu_item_mobile&quot;:{&quot;unit&quot;:&quot;px&quot;,&quot;size&quot;:0,&quot;sizes&quot;:[]},&quot;padding_vertical_menu_item_mobile&quot;:{&quot;unit&quot;:&quot;px&quot;,&quot;size&quot;:0,&quot;sizes&quot;:[]},&quot;menu_space_between_mobile&quot;:{&quot;unit&quot;:&quot;px&quot;,&quot;size&quot;:0,&quot;sizes&quot;:[]},&quot;menu_row_space_mobile&quot;:{&quot;unit&quot;:&quot;px&quot;,&quot;size&quot;:0,&quot;sizes&quot;:[]},&quot;width_dropdown_item_mobile&quot;:{&quot;unit&quot;:&quot;px&quot;,&quot;size&quot;:0,&quot;sizes&quot;:[]},&quot;distance_from_menu_mobile&quot;:{&quot;unit&quot;:&quot;px&quot;,&quot;size&quot;:0,&quot;sizes&quot;:[]},&quot;toggle_size_mobile&quot;:{&quot;unit&quot;:&quot;px&quot;,&quot;size&quot;:15,&quot;sizes&quot;:[]},&quot;toggle_border_width_mobile&quot;:{&quot;unit&quot;:&quot;px&quot;,&quot;size&quot;:10,&quot;sizes&quot;:[]},&quot;toggle_border_radius_mobile&quot;:{&quot;unit&quot;:&quot;px&quot;,&quot;size&quot;:0,&quot;sizes&quot;:[]},&quot;dropdown_border_radius_mobile&quot;:{&quot;unit&quot;:&quot;px&quot;,&quot;top&quot;:&quot;0&quot;,&quot;right&quot;:&quot;0&quot;,&quot;bottom&quot;:&quot;0&quot;,&quot;left&quot;:&quot;0&quot;,&quot;isLinked&quot;:true},&quot;padding_horizontal_dropdown_item_mobile&quot;:{&quot;unit&quot;:&quot;px&quot;,&quot;size&quot;:10,&quot;sizes&quot;:[]},&quot;padding_vertical_dropdown_item_mobile&quot;:{&quot;unit&quot;:&quot;px&quot;,&quot;size&quot;:10,&quot;sizes&quot;:[]},&quot;_position&quot;:&quot;absolute&quot;,&quot;padding_horizontal_menu_item_tablet&quot;:{&quot;unit&quot;:&quot;px&quot;,&quot;size&quot;:&quot;&quot;,&quot;sizes&quot;:[]},&quot;padding_vertical_menu_item_tablet&quot;:{&quot;unit&quot;:&quot;px&quot;,&quot;size&quot;:&quot;&quot;,&quot;sizes&quot;:[]},&quot;menu_space_between_tablet&quot;:{&quot;unit&quot;:&quot;px&quot;,&quot;size&quot;:&quot;&quot;,&quot;sizes&quot;:[]},&quot;menu_row_space_tablet&quot;:{&quot;unit&quot;:&quot;px&quot;,&quot;size&quot;:&quot;&quot;,&quot;sizes&quot;:[]},&quot;dropdown_border_radius_tablet&quot;:{&quot;unit&quot;:&quot;px&quot;,&quot;top&quot;:&quot;&quot;,&quot;right&quot;:&quot;&quot;,&quot;bottom&quot;:&quot;&quot;,&quot;left&quot;:&quot;&quot;,&quot;isLinked&quot;:true},&quot;width_dropdown_item_tablet&quot;:{&quot;unit&quot;:&quot;px&quot;,&quot;size&quot;:&quot;&quot;,&quot;sizes&quot;:[]},&quot;padding_horizontal_dropdown_item_tablet&quot;:{&quot;unit&quot;:&quot;px&quot;,&quot;size&quot;:&quot;&quot;,&quot;sizes&quot;:[]},&quot;padding_vertical_dropdown_item_tablet&quot;:{&quot;unit&quot;:&quot;px&quot;,&quot;size&quot;:&quot;&quot;,&quot;sizes&quot;:[]},&quot;distance_from_menu_tablet&quot;:{&quot;unit&quot;:&quot;px&quot;,&quot;size&quot;:&quot;&quot;,&quot;sizes&quot;:[]},&quot;toggle_size_tablet&quot;:{&quot;unit&quot;:&quot;px&quot;,&quot;size&quot;:&quot;&quot;,&quot;sizes&quot;:[]},&quot;toggle_border_width&quot;:{&quot;unit&quot;:&quot;px&quot;,&quot;size&quot;:&quot;&quot;,&quot;sizes&quot;:[]},&quot;toggle_border_width_tablet&quot;:{&quot;unit&quot;:&quot;px&quot;,&quot;size&quot;:&quot;&quot;,&quot;sizes&quot;:[]},&quot;toggle_border_radius&quot;:{&quot;unit&quot;:&quot;px&quot;,&quot;size&quot;:&quot;&quot;,&quot;sizes&quot;:[]},&quot;toggle_border_radius_tablet&quot;:{&quot;unit&quot;:&quot;px&quot;,&quot;size&quot;:&quot;&quot;,&quot;sizes&quot;:[]}}\" data-widget_type=\"navigation-menu.default\">\n\t\t\t\t<div class=\"elementor-widget-container\">\n\t\t\t\t\t\t\t\t<div class=\"hfe-nav-menu hfe-layout-horizontal hfe-nav-menu-layout horizontal hfe-pointer__none\" data-layout=\"horizontal\">\n\t\t\t\t<div role=\"button\" class=\"hfe-nav-menu__toggle elementor-clickable\" tabindex=\"0\" aria-label=\"Menu Toggle\">\n\t\t\t\t\t<span class=\"screen-reader-text\">Menu<\/span>\n\t\t\t\t\t<div class=\"hfe-nav-menu-icon\">\n\t\t\t\t\t\t<svg xmlns=\"http:\/\/www.w3.org\/2000\/svg\" width=\"30\" height=\"20\" viewBox=\"0 0 30 20\"><rect y=\"0\" width=\"30\" height=\"4\" rx=\"2\" fill=\"#FFF\"><\/rect><rect y=\"8\" width=\"30\" height=\"4\" rx=\"2\" fill=\"#FFF\"><\/rect><rect y=\"16\" width=\"30\" height=\"4\" rx=\"2\" fill=\"#FFF\"><\/rect><\/svg>\t\t\t\t\t<\/div>\n\t\t\t\t<\/div>\n\t\t\t\t<nav class=\"hfe-nav-menu__layout-horizontal hfe-nav-menu__submenu-arrow\" data-toggle-icon=\"&lt;svg xmlns=&quot;http:\/\/www.w3.org\/2000\/svg&quot; width=&quot;30&quot; height=&quot;20&quot; viewBox=&quot;0 0 30 20&quot;&gt;&lt;rect y=&quot;0&quot; width=&quot;30&quot; height=&quot;4&quot; rx=&quot;2&quot; fill=&quot;#FFF&quot;&gt;&lt;\/rect&gt;&lt;rect y=&quot;8&quot; width=&quot;30&quot; height=&quot;4&quot; rx=&quot;2&quot; fill=&quot;#FFF&quot;&gt;&lt;\/rect&gt;&lt;rect y=&quot;16&quot; width=&quot;30&quot; height=&quot;4&quot; rx=&quot;2&quot; fill=&quot;#FFF&quot;&gt;&lt;\/rect&gt;&lt;\/svg&gt;\" data-close-icon=\"&lt;svg xmlns=&quot;http:\/\/www.w3.org\/2000\/svg&quot; width=&quot;30&quot; height=&quot;30&quot; viewBox=&quot;0 0 30 30&quot;&gt;&lt;line x1=&quot;5&quot; y1=&quot;5&quot; x2=&quot;25&quot; y2=&quot;25&quot; stroke=&quot;#FF0000&quot; stroke-width=&quot;4&quot; stroke-linecap=&quot;round&quot;&gt;&lt;\/line&gt;&lt;line x1=&quot;25&quot; y1=&quot;5&quot; x2=&quot;5&quot; y2=&quot;25&quot; stroke=&quot;#FF0000&quot; stroke-width=&quot;4&quot; stroke-linecap=&quot;round&quot;&gt;&lt;\/line&gt;&lt;\/svg&gt;\" data-full-width=\"yes\">\n\t\t\t\t\t<ul id=\"menu-1-10081e5\" class=\"hfe-nav-menu\"><li id=\"menu-item-1006\" class=\"menu-item menu-item-type-custom menu-item-object-custom parent hfe-creative-menu\"><a href=\"\/\" class = \"hfe-menu-item\">Home<\/a><\/li>\n<li id=\"menu-item-1005\" class=\"menu-item menu-item-type-custom menu-item-object-custom parent hfe-creative-menu\"><a href=\"#sobre\" class = \"hfe-menu-item\">Sobre<\/a><\/li>\n<li id=\"menu-item-1007\" class=\"menu-item menu-item-type-custom menu-item-object-custom parent hfe-creative-menu\"><a href=\"#servicos\" class = \"hfe-menu-item\">Servi\u00e7os<\/a><\/li>\n<li id=\"menu-item-1008\" class=\"menu-item menu-item-type-custom menu-item-object-custom parent hfe-creative-menu\"><a href=\"#projetos\" class = \"hfe-menu-item\">Projetos<\/a><\/li>\n<li id=\"menu-item-1009\" class=\"menu-item menu-item-type-custom menu-item-object-custom parent hfe-creative-menu\"><a href=\"#feedback\" class = \"hfe-menu-item\">Feedbacks<\/a><\/li>\n<li id=\"menu-item-1010\" class=\"menu-item menu-item-type-custom menu-item-object-custom parent hfe-creative-menu\"><a href=\"#contato\" class = \"hfe-menu-item\">Contatos<\/a><\/li>\n<\/ul> \n\t\t\t\t<\/nav>\n\t\t\t<\/div>\n\t\t\t\t\t\t\t<\/div>\n\t\t\t\t<\/div>\n\t\t\t\t\t<\/div>\n\t\t\t\t<\/div>\n\t\t<div class=\"elementor-element elementor-element-1e2a49ee e-con-full e-flex e-con e-parent\" data-id=\"1e2a49ee\" data-element_type=\"container\" data-e-type=\"container\" id=\"privacidade\" data-settings=\"{&quot;background_background&quot;:&quot;gradient&quot;}\">\n\t\t\t\t<div class=\"elementor-element elementor-element-3fa5ae3 elementor-widget elementor-widget-heading\" data-id=\"3fa5ae3\" data-element_type=\"widget\" data-e-type=\"widget\" data-widget_type=\"heading.default\">\n\t\t\t\t<div class=\"elementor-widget-container\">\n\t\t\t\t\t<h2 class=\"elementor-heading-title elementor-size-default\">Pol\u00edtica de privacidade<\/h2>\t\t\t\t<\/div>\n\t\t\t\t<\/div>\n\t\t\t\t<div class=\"elementor-element elementor-element-40ae527 elementor-widget__width-initial elementor-widget elementor-widget-text-editor\" data-id=\"40ae527\" data-element_type=\"widget\" data-e-type=\"widget\" data-widget_type=\"text-editor.default\">\n\t\t\t\t<div class=\"elementor-widget-container\">\n\t\t\t\t\t\t\t\t\t\n<h2 class=\"wp-block-heading\">Quem somos<\/h2>\n\n<p>O endere\u00e7o do nosso site \u00e9: <a class=\"\" href=\"https:\/\/devpedroaugusto.com.br\" target=\"_new\" rel=\"noopener\" data-start=\"266\" data-end=\"330\">https:\/\/devpedroaugusto.com.br<\/a>.<\/p>\n\n<h2 class=\"wp-block-heading\">Coment\u00e1rios<\/h2>\n\n<p class=\"\" data-start=\"352\" data-end=\"541\">Quando visitantes deixam coment\u00e1rios no site, coletamos os dados fornecidos no formul\u00e1rio de coment\u00e1rios, al\u00e9m do endere\u00e7o de IP e informa\u00e7\u00f5es do navegador, para ajudar na detec\u00e7\u00e3o de spam.<\/p>\n<p class=\"\" data-start=\"543\" data-end=\"906\">Uma sequ\u00eancia anonimizada criada a partir do seu e-mail (hash) pode ser enviada para o servi\u00e7o Gravatar para verificar se voc\u00ea o utiliza. A pol\u00edtica de privacidade do Gravatar est\u00e1 dispon\u00edvel em: <a class=\"\" href=\"https:\/\/automattic.com\/privacy\/\" target=\"_new\" rel=\"noopener\" data-start=\"739\" data-end=\"805\">https:\/\/automattic.com\/privacy\/<\/a>. Ap\u00f3s a aprova\u00e7\u00e3o do coment\u00e1rio, a foto do seu perfil ser\u00e1 exibida publicamente junto ao coment\u00e1rio.<\/p>\n\n<h2 class=\"wp-block-heading\">M\u00eddia<\/h2>\n\n<p>Se voc\u00ea enviar imagens para o site, evite incluir dados de localiza\u00e7\u00e3o incorporados (EXIF GPS), pois visitantes podem baixar essas imagens e extrair esses dados.<\/p>\n\n<h2 class=\"wp-block-heading\">Cookies<\/h2>\n\n<p class=\"\" data-start=\"1099\" data-end=\"1318\">Ao deixar um coment\u00e1rio, voc\u00ea poder\u00e1 optar por salvar seu nome, e-mail e site em cookies. Isso \u00e9 para seu conforto, evitando que precise preencher novamente esses dados em um novo coment\u00e1rio. Esses cookies duram um ano.<\/p>\n<p class=\"\" data-start=\"1320\" data-end=\"1524\">Se voc\u00ea tiver uma conta e acessar este site, ser\u00e1 criado um cookie tempor\u00e1rio para verificar se seu navegador aceita cookies. Esse cookie n\u00e3o cont\u00e9m dados pessoais e ser\u00e1 descartado ao fechar o navegador.<\/p>\n<p class=\"\" data-start=\"1526\" data-end=\"1846\">Ao acessar sua conta, criamos cookies adicionais para armazenar suas prefer\u00eancias de exibi\u00e7\u00e3o de tela e dados de login. Cookies de login duram dois dias, e os de prefer\u00eancias de tela duram um ano. Se selecionar \u201cLembrar-me\u201d, seu login ser\u00e1 mantido por duas semanas. Ao sair da conta, os cookies de login ser\u00e3o removidos.<\/p>\n<p class=\"\" data-start=\"1848\" data-end=\"2038\">Se voc\u00ea editar ou publicar um artigo, um cookie adicional ser\u00e1 armazenado em seu navegador. Esse cookie n\u00e3o cont\u00e9m dados pessoais e apenas indica o ID do post editado. Ele expira ap\u00f3s 1 dia.<\/p>\n\n<h2 class=\"wp-block-heading\">M\u00eddia incorporada de outros sites<\/h2>\n\n<p class=\"\" data-start=\"2084\" data-end=\"2287\">Artigos neste site podem conter conte\u00fado incorporado (por exemplo, v\u00eddeos, imagens, artigos, etc.). Esse conte\u00fado se comporta da mesma forma como se voc\u00ea estivesse acessando diretamente o site de origem.<\/p>\n<p class=\"\" data-start=\"2289\" data-end=\"2497\">Esses sites podem coletar dados sobre voc\u00ea, utilizar cookies, incorporar rastreamento de terceiros e monitorar sua intera\u00e7\u00e3o com o conte\u00fado incorporado, especialmente se voc\u00ea estiver logado no site de origem.<\/p>\n\n<h2 class=\"wp-block-heading\">Com quem compartilhamos seus dados<\/h2>\n\n<p>Se voc\u00ea solicitar uma redefini\u00e7\u00e3o de senha, seu endere\u00e7o IP ser\u00e1 inclu\u00eddo no e-mail de redefini\u00e7\u00e3o.<\/p>\n\n<h2 class=\"wp-block-heading\">Por quanto tempo mantemos os seus dados<\/h2>\n\n<p class=\"\" data-start=\"2658\" data-end=\"2831\">Coment\u00e1rios e seus metadados s\u00e3o armazenados indefinidamente, permitindo que coment\u00e1rios futuros sejam automaticamente reconhecidos e aprovados sem necessidade de modera\u00e7\u00e3o.<\/p>\n<p class=\"\" data-start=\"2833\" data-end=\"3128\">Para usu\u00e1rios registrados (se houver), as informa\u00e7\u00f5es pessoais fornecidas no perfil s\u00e3o armazenadas. Todos os usu\u00e1rios podem visualizar, editar ou excluir suas informa\u00e7\u00f5es pessoais a qualquer momento (exceto o nome de usu\u00e1rio). Administradores tamb\u00e9m podem visualizar e editar essas informa\u00e7\u00f5es.<\/p>\n\n<h2 class=\"wp-block-heading\">Quais os seus direitos sobre seus dados<\/h2>\n\n<p>Se voc\u00ea possui uma conta ou j\u00e1 deixou coment\u00e1rios neste site, pode solicitar um arquivo com os dados pessoais que mantemos sobre voc\u00ea, incluindo quaisquer dados fornecidos. Voc\u00ea tamb\u00e9m pode solicitar a exclus\u00e3o desses dados, exceto nos casos em que somos obrigados a mant\u00ea-los por motivos administrativos, legais ou de seguran\u00e7a.<\/p>\n\n<h2 class=\"wp-block-heading\">Para onde seus dados s\u00e3o enviados<\/h2>\n\n<p>Coment\u00e1rios de visitantes podem ser verificados por um servi\u00e7o autom\u00e1tico de detec\u00e7\u00e3o de spam.<\/p>\n\n<p>\u00a0<\/p>\t\t\t\t\t\t\t\t<\/div>\n\t\t\t\t<\/div>\n\t\t\t\t<\/div>\n\t\t\t\t<\/div>\n\t\t","protected":false},"excerpt":{"rendered":"<p>Menu Home Sobre Servi\u00e7os Projetos Feedbacks Contatos Pol\u00edtica de privacidade Quem somos O endere\u00e7o do nosso site \u00e9: https:\/\/devpedroaugusto.com.br. Coment\u00e1rios Quando visitantes deixam coment\u00e1rios no site, coletamos os dados fornecidos no formul\u00e1rio de coment\u00e1rios, al\u00e9m do endere\u00e7o de IP e informa\u00e7\u00f5es do navegador, para ajudar na detec\u00e7\u00e3o de spam. Uma sequ\u00eancia anonimizada criada a partir [&hellip;]<\/p>\n","protected":false},"author":1,"featured_media":0,"parent":0,"menu_order":0,"comment_status":"closed","ping_status":"open","template":"","meta":{"om_disable_all_campaigns":false,"_monsterinsights_skip_tracking":false,"_monsterinsights_sitenote_active":false,"_monsterinsights_sitenote_note":"","_monsterinsights_sitenote_category":0,"footnotes":""},"class_list":["post-3","page","type-page","status-publish","hentry"],"aioseo_notices":[],"_links":{"self":[{"href":"https:\/\/devpedroaugusto.com.br\/index.php?rest_route=\/wp\/v2\/pages\/3","targetHints":{"allow":["GET"]}}],"collection":[{"href":"https:\/\/devpedroaugusto.com.br\/index.php?rest_route=\/wp\/v2\/pages"}],"about":[{"href":"https:\/\/devpedroaugusto.com.br\/index.php?rest_route=\/wp\/v2\/types\/page"}],"author":[{"embeddable":true,"href":"https:\/\/devpedroaugusto.com.br\/index.php?rest_route=\/wp\/v2\/users\/1"}],"replies":[{"embeddable":true,"href":"https:\/\/devpedroaugusto.com.br\/index.php?rest_route=%2Fwp%2Fv2%2Fcomments&post=3"}],"version-history":[{"count":231,"href":"https:\/\/devpedroaugusto.com.br\/index.php?rest_route=\/wp\/v2\/pages\/3\/revisions"}],"predecessor-version":[{"id":1611,"href":"https:\/\/devpedroaugusto.com.br\/index.php?rest_route=\/wp\/v2\/pages\/3\/revisions\/1611"}],"wp:attachment":[{"href":"https:\/\/devpedroaugusto.com.br\/index.php?rest_route=%2Fwp%2Fv2%2Fmedia&parent=3"}],"curies":[{"name":"wp","href":"https:\/\/api.w.org\/{rel}","templated":true}]}}